{"id":4981,"date":"2024-01-22T13:43:26","date_gmt":"2024-01-22T20:43:26","guid":{"rendered":"https:\/\/archden.org\/revival\/?page_id=4981"},"modified":"2025-03-24T10:35:31","modified_gmt":"2025-03-24T16:35:31","slug":"speaker-list","status":"publish","type":"page","link":"https:\/\/archden.org\/revival\/speaker-list\/","title":{"rendered":"Speaker List"},"content":{"rendered":"[vc_row type=&#8221;full_width_background&#8221; full_screen_row_position=&#8221;middle&#8221; column_margin=&#8221;default&#8221; column_direction=&#8221;default&#8221; column_direction_tablet=&#8221;default&#8221; column_direction_phone=&#8221;default&#8221; bg_image=&#8221;4849&#8243; bg_position=&#8221;center center&#8221; background_image_loading=&#8221;default&#8221; bg_repeat=&#8221;no-repeat&#8221; scene_position=&#8221;center&#8221; layer_one_image=&#8221;2518&#8243; layer_four_image=&#8221;2655&#8243; top_padding=&#8221;5%&#8221; bottom_padding=&#8221;5%&#8221; text_color=&#8221;light&#8221; text_align=&#8221;center&#8221; row_border_radius=&#8221;none&#8221; row_border_radius_applies=&#8221;bg&#8221; overflow=&#8221;visible&#8221; enable_gradient=&#8221;true&#8221; color_overlay=&#8221;#d92828&#8243; color_overlay_2=&#8221;#2c3178&#8243; overlay_strength=&#8221;0.8&#8243; gradient_direction=&#8221;top_to_bottom&#8221; enable_shape_divider=&#8221;true&#8221; shape_divider_color=&#8221;#ffffff&#8221; shape_divider_position=&#8221;bottom&#8221; shape_divider_height=&#8221;90px&#8221; bg_image_animation=&#8221;none&#8221; shape_type=&#8221;waves&#8221; gradient_type=&#8221;default&#8221;][vc_column column_padding=&#8221;no-extra-padding&#8221; column_padding_tablet=&#8221;inherit&#8221; column_padding_phone=&#8221;inherit&#8221; column_padding_position=&#8221;all&#8221; column_element_direction_desktop=&#8221;default&#8221; column_element_spacing=&#8221;default&#8221; desktop_text_alignment=&#8221;default&#8221; tablet_text_alignment=&#8221;default&#8221; phone_text_alignment=&#8221;default&#8221; background_color_opacity=&#8221;1&#8243; background_hover_color_opacity=&#8221;1&#8243; column_backdrop_filter=&#8221;none&#8221; column_shadow=&#8221;none&#8221; column_border_radius=&#8221;none&#8221; column_link_target=&#8221;_self&#8221; column_position=&#8221;default&#8221; gradient_direction=&#8221;left_to_right&#8221; overlay_strength=&#8221;0.3&#8243; width=&#8221;1\/1&#8243; tablet_width_inherit=&#8221;default&#8221; animation_type=&#8221;default&#8221; bg_image_animation=&#8221;none&#8221; border_type=&#8221;simple&#8221; column_border_width=&#8221;none&#8221; column_border_style=&#8221;solid&#8221;][divider line_type=&#8221;No Line&#8221; custom_height=&#8221;100px&#8221;][vc_row_inner column_margin=&#8221;default&#8221; column_direction=&#8221;default&#8221; column_direction_tablet=&#8221;default&#8221; column_direction_phone=&#8221;default&#8221; text_align=&#8221;center&#8221; row_position=&#8221;default&#8221; row_position_tablet=&#8221;inherit&#8221; row_position_phone=&#8221;inherit&#8221; overflow=&#8221;visible&#8221; pointer_events=&#8221;all&#8221;][vc_column_inner column_padding=&#8221;no-extra-padding&#8221; column_padding_tablet=&#8221;inherit&#8221; column_padding_phone=&#8221;inherit&#8221; column_padding_position=&#8221;all&#8221; column_element_direction_desktop=&#8221;default&#8221; column_element_spacing=&#8221;default&#8221; desktop_text_alignment=&#8221;default&#8221; tablet_text_alignment=&#8221;default&#8221; phone_text_alignment=&#8221;default&#8221; background_color_opacity=&#8221;1&#8243; background_hover_color_opacity=&#8221;1&#8243; column_backdrop_filter=&#8221;none&#8221; column_shadow=&#8221;none&#8221; column_border_radius=&#8221;none&#8221; column_link_target=&#8221;_self&#8221; overflow=&#8221;visible&#8221; gradient_direction=&#8221;left_to_right&#8221; overlay_strength=&#8221;0.3&#8243; width=&#8221;1\/1&#8243; tablet_width_inherit=&#8221;default&#8221; animation_type=&#8221;default&#8221; bg_image_animation=&#8221;none&#8221; border_type=&#8221;simple&#8221; column_border_width=&#8221;none&#8221; column_border_style=&#8221;solid&#8221;][vc_custom_heading text=&#8221;Speaker List&#8221; font_container=&#8221;tag:h1|font_size:60px|text_align:center|color:%23ffffff|line_height:70px&#8221; use_theme_fonts=&#8221;yes&#8221;][\/vc_column_inner][\/vc_row_inner][\/vc_column][\/vc_row][vc_row type=&#8221;full_width_background&#8221; full_screen_row_position=&#8221;middle&#8221; column_margin=&#8221;default&#8221; column_direction=&#8221;default&#8221; column_direction_tablet=&#8221;default&#8221; column_direction_phone=&#8221;default&#8221; bg_color=&#8221;#ffffff&#8221; scene_position=&#8221;center&#8221; top_padding=&#8221;3%&#8221; bottom_padding=&#8221;6%&#8221; text_color=&#8221;dark&#8221; text_align=&#8221;left&#8221; row_border_radius=&#8221;none&#8221; row_border_radius_applies=&#8221;bg&#8221; overflow=&#8221;visible&#8221; overlay_strength=&#8221;0.3&#8243; gradient_direction=&#8221;left_to_right&#8221; shape_divider_position=&#8221;bottom&#8221; bg_image_animation=&#8221;none&#8221; gradient_type=&#8221;default&#8221; shape_type=&#8221;&#8221;][vc_column column_padding=&#8221;no-extra-padding&#8221; column_padding_tablet=&#8221;inherit&#8221; column_padding_phone=&#8221;inherit&#8221; column_padding_position=&#8221;all&#8221; column_element_direction_desktop=&#8221;default&#8221; column_element_spacing=&#8221;default&#8221; desktop_text_alignment=&#8221;default&#8221; tablet_text_alignment=&#8221;default&#8221; phone_text_alignment=&#8221;default&#8221; background_color_opacity=&#8221;1&#8243; background_hover_color_opacity=&#8221;1&#8243; column_backdrop_filter=&#8221;none&#8221; column_shadow=&#8221;none&#8221; column_border_radius=&#8221;none&#8221; column_link_target=&#8221;_self&#8221; column_position=&#8221;default&#8221; gradient_direction=&#8221;left_to_right&#8221; overlay_strength=&#8221;0.3&#8243; width=&#8221;1\/1&#8243; tablet_width_inherit=&#8221;default&#8221; animation_type=&#8221;default&#8221; bg_image_animation=&#8221;none&#8221; border_type=&#8221;simple&#8221; column_border_width=&#8221;none&#8221; column_border_style=&#8221;solid&#8221;][vc_column_text]In an effort to make Eucharist themed parish events easy to plan and book, we have begun to compile a list of local speakers who have agreed to be listed on our site and be contacted for parish events. Please feel free to reach out to any of the speakers listed and find a time that works for your parish. Scheduling and compensation will be worked out between the parish and the speaker.[\/vc_column_text][nectar_btn size=&#8221;small&#8221; button_style=&#8221;regular&#8221; button_color_2=&#8221;Accent-Color&#8221; solid_text_color_override=&#8221;#ffffff&#8221; icon_family=&#8221;fontawesome&#8221; text=&#8221;English Speakers&#8221; margin_top=&#8221;15&#8243; icon_fontawesome=&#8221;fa fa-level-down&#8221; url=&#8221;#english&#8221;][nectar_btn size=&#8221;small&#8221; button_style=&#8221;regular&#8221; button_color_2=&#8221;Accent-Color&#8221; solid_text_color_override=&#8221;#ffffff&#8221; icon_family=&#8221;fontawesome&#8221; text=&#8221;Spanish Speakers&#8221; margin_top=&#8221;15&#8243; icon_fontawesome=&#8221;fa fa-level-down&#8221; margin_left=&#8221;7&#8243; url=&#8221;#spanish&#8221;][divider line_type=&#8221;Full Width Line&#8221; line_thickness=&#8221;1&#8243; divider_color=&#8221;default&#8221; custom_height=&#8221;60px&#8221;][vc_column_text el_id=&#8221;english&#8221;]\n<h3>Andrew McGown<\/h3>\n<p><em>English speaking presenter<\/em><\/p>\n<p>Contact: 303.715.3237, Andrew.mcgown@archden.org<br \/>\nTopic: &#8220;The Eucharist: Conjugal Gift of the Divine Bridegroom&#8221; (Length: 2 Hours)<\/p>\n<ul>\n<li><em>Throughout the Old Testament God regularly expressed his desire to &#8220;espouse Himself to his people forever&#8221; (Hosea 2:21). In Jesus, God has come as our Divine Bridegroom with an invitation to eternal union with him. This mission would invite parishioners to meditate on a number of themes, including: what level of intimacy God desires to have with them (spousal), the invitation of their Divine Bridegroom to enter a &#8220;marriage like relationship&#8221;, the Eucharist as the conjugal gift befitting this &#8220;marriage like relationship&#8221;, and how evangelization is the natural &#8220;offspring&#8221; of this nuptial union between us and Christ in the Mass.<\/em><\/li>\n<\/ul>\n[\/vc_column_text][divider line_type=&#8221;Full Width Line&#8221; line_thickness=&#8221;1&#8243; divider_color=&#8221;default&#8221; custom_height=&#8221;60px&#8221;][vc_column_text]\n<h3>Deacon Colin Coleman<\/h3>\n<p><em>English speaking presenter<\/em><\/p>\n<p>Contact: 303.715.3259, deacon.coleman@archden.org<br \/>\nTopic(s): The nuptial meaning of the Mass and Mary in the Eucharist[\/vc_column_text][divider line_type=&#8221;Full Width Line&#8221; line_thickness=&#8221;1&#8243; divider_color=&#8221;default&#8221; custom_height=&#8221;60px&#8221;][vc_column_text]\n<h3><em>Jessica Navin<\/em><\/h3>\n<p><em>English speaking presenter<\/em><\/p>\n<p>Contact: \u00a0<a href=\"mailto:jessica.navin@focus.org\">jessica.navin@focus.org<\/a>\u00a0or (402) 881-5899<br \/>\nTopic: The Eucharist and the Art of Loving: How the Eucharist teaches Us to Love[\/vc_column_text][divider line_type=&#8221;Full Width Line&#8221; line_thickness=&#8221;1&#8243; divider_color=&#8221;default&#8221; custom_height=&#8221;60px&#8221;][vc_column_text]\n<h3><em>Father Nathan Cromley<\/em><\/h3>\n<p><em>English speaking presenter<\/em><\/p>\n<p>Contact: (513) 746-5892, <a href=\"mailto:libby.michael@saintjohninstitute.org\">libby.michael@saintjohninstitute.org<\/a><br \/>\nTopic: Open to whatever the parish needs[\/vc_column_text][divider line_type=&#8221;Full Width Line&#8221; line_thickness=&#8221;1&#8243; divider_color=&#8221;default&#8221; custom_height=&#8221;60px&#8221;][vc_column_text]\n<h3><em>Dr. Scott Elmer<\/em><\/h3>\n<p><em>English speaking presenter<\/em><\/p>\n<p>Contact: <a href=\"mailto:scott.elmer@archden.org\">scott.elmer@archden.org<\/a><br \/>\nTopic: How Does God Speak? : A Deeper Dive into the Liturgy of the Word<\/p>\n<ul>\n<li>Every day the Church gives us specific readings when we celebrate the Mass. These readings are part of a three-year rotation that retells God\u2019s story to his people. The readings are powerful, they are intentional, and they are alive. They speak to the Church, to the world, but also to each one of us personally. A closer following of what is being revealed in the Lectionary (the readings at Mass) allows us to find our place in God\u2019s plan and be in deeper communion with him.<\/li>\n<\/ul>\n[\/vc_column_text][divider line_type=&#8221;Full Width Line&#8221; line_thickness=&#8221;1&#8243; divider_color=&#8221;default&#8221; custom_height=&#8221;60px&#8221;][vc_column_text]\n<h3><em>Shaun Garrison<\/em><\/h3>\n<p><em>English speaking presenter<\/em><\/p>\n<p>Contact: (303) 638-0795, <a href=\"mailto:shaun@windswept.co\">shaun@windswept.co<\/a>[\/vc_column_text][divider line_type=&#8221;Full Width Line&#8221; line_thickness=&#8221;1&#8243; divider_color=&#8221;default&#8221; custom_height=&#8221;60px&#8221;][vc_column_text el_id=&#8221;spanish&#8221;]\n<h3><strong><em>Abram Le\u00f3n<\/em><br \/>\n<\/strong><\/h3>\n<p><em>Spanish speaking presenter<\/em><\/p>\n<p>Contact: <a href=\"mailto:Edgar.mares@archden.org\">Edgar.mares@archden.org<\/a><br \/>\nAbierto a sugerencia de temas[\/vc_column_text][divider line_type=&#8221;Full Width Line&#8221; line_thickness=&#8221;1&#8243; divider_color=&#8221;default&#8221; custom_height=&#8221;60px&#8221;][vc_column_text]\n<h3><strong><em>Alejandra Bravo<\/em><br \/>\n<\/strong><\/h3>\n<p><em>Spanish speaking presenter<\/em><\/p>\n<p>Contact: <a href=\"mailto:Alejandra.Bravo@archden.org\">Alejandra.Bravo@archden.org<\/a><br \/>\nAbierta a sugerencia de temas[\/vc_column_text][divider line_type=&#8221;Full Width Line&#8221; line_thickness=&#8221;1&#8243; divider_color=&#8221;default&#8221; custom_height=&#8221;60px&#8221;][vc_column_text]\n<h3><em><strong>Edgar Mares<\/strong><\/em><\/h3>\n<p><em>Spanish speaking presenter<\/em><\/p>\n<p>Contact: <a href=\"mailto:Edgar.mares@archden.org\">Edgar.mares@archden.org<\/a><br \/>\nAbierto a sugerencia de temas[\/vc_column_text][divider line_type=&#8221;Full Width Line&#8221; line_thickness=&#8221;1&#8243; divider_color=&#8221;default&#8221; custom_height=&#8221;60px&#8221;][vc_column_text]\n<h3><strong><em>Linda Platt<\/em><br \/>\n<\/strong>Instructora de la Escuela B\u00edblica Cat\u00f3lica de SJV Lay Division<\/h3>\n<p><em>Spanish speaking presenter<\/em><\/p>\n<p>Contact: <a href=\"mailto:Linda.Platt@archden.org\">Linda.Platt@archden.org<\/a><br \/>\nPl\u00e1tica: \u201cLa Eucarist\u00eda: anticipo de la vida eterna\u201d.<br \/>\n(disponible solo para una pl\u00e1tica)<\/p>\n<ul>\n<li>Durante este Avivamiento Eucar\u00edstico nuestros obispos nos llaman a meditar m\u00e1s en el gran misterio del amor de Dios por cada uno de nosotros. Es realmente un \u201cmisterio\u201d que nos invita a ponernos de rodillas. San Pablo nos recuerda que la voluntad de Dios es nuestra santificaci\u00f3n (1 Tes 4:3), y al dejarnos transformar por su gracia, podemos experimentar en esta vida el gozo celestial. La historia de los disc\u00edpulos de Ema\u00fas (Lucas 24) hace un eco en nuestras vidas, pues tambi\u00e9n nosotros vamos caminando con altas y bajas, enfrentando obst\u00e1culos y dificultades que, en ocasiones, atacan y debilitan nuestra fe. Pero, as\u00ed como ellos, que tuvieron un encuentro con el Se\u00f1or resucitado, pero que no lo reconocieron hasta el momento de la fracci\u00f3n del pan, asimismo nosotros somos llamados a tener ese mismo encuentro y comuni\u00f3n con el Se\u00f1or resucitado, para que tambi\u00e9n nuestros corazones se enciendan con el fuego del amor de Dios. Jes\u00fas ha querido dejarnos su Cuerpo, Sangre, Alma y Divinidad, para que podamos participar del gozo de la vida eterna aqu\u00ed en la tierra.<\/li>\n<\/ul>\n[\/vc_column_text][divider line_type=&#8221;Full Width Line&#8221; line_thickness=&#8221;1&#8243; divider_color=&#8221;default&#8221; custom_height=&#8221;60px&#8221;][vc_column_text]\n<h3><strong><em>Di\u00e1cono Pedro Reyes<\/em><br \/>\n<\/strong><\/h3>\n<p><em>Spanish speaking presenter<\/em><\/p>\n<p>Contact: <a href=\"mailto:office.vicar.clergy@archden.org\">office.vicar.clergy@archden.org<\/a><br \/>\nla Presencia Real de Jes\u00fas en la Eucarist\u00eda, de 2 a 2 hrs y media. Un d\u00eda solamente.[\/vc_column_text][divider line_type=&#8221;Full Width Line&#8221; line_thickness=&#8221;1&#8243; divider_color=&#8221;default&#8221; custom_height=&#8221;60px&#8221;][vc_column_text]\n<h3><strong><em>Raquel Venegas, Coordinadora de las Escuelas de Evangelizaci\u00f3n\u00a0San Pablo<\/em><br \/>\n<\/strong><\/h3>\n<p><em>Spanish speaking presenter<\/em><\/p>\n<p>Contact: <a id=\"OWAeb1b27ae-5e93-4341-824f-cadc29d7ae95\" class=\"OWAAutoLink\" title=\"mailto:Olog.raquel@gmail.com\" href=\"mailto:Olog.raquel@gmail.com\" data-loopstyle=\"linkonly\">Olog.raquel@gmail.com<\/a><\/p>\n<p><b>Curso Eucarist\u00eda \u2013 La Eucarist\u00eda como Fuente de Santidad<br \/>\n<\/b>Se imparte en un solo d\u00eda de 8am a 5pm.<br \/>\nTemas:<br \/>\nLa Eucarist\u00eda, fuente y compromiso del amor<br \/>\nJesus ante el dolor<br \/>\nNos am\u00f3 hasta el extremo<br \/>\nLa Mesa de la Eucarist\u00eda<br \/>\nCompartimos el mismo pan[\/vc_column_text][\/vc_column][\/vc_row]\n","protected":false},"excerpt":{"rendered":"<p>[vc_row type=&#8221;full_width_background&#8221; full_screen_row_position=&#8221;middle&#8221; column_margin=&#8221;default&#8221; column_direction=&#8221;default&#8221; column_direction_tablet=&#8221;default&#8221; column_direction_phone=&#8221;default&#8221; bg_image=&#8221;4849&#8243; bg_position=&#8221;center center&#8221; background_image_loading=&#8221;default&#8221; bg_repeat=&#8221;no-repeat&#8221; scene_position=&#8221;center&#8221; layer_one_image=&#8221;2518&#8243; layer_four_image=&#8221;2655&#8243; top_padding=&#8221;5%&#8221; bottom_padding=&#8221;5%&#8221; text_color=&#8221;light&#8221; text_align=&#8221;center&#8221; row_border_radius=&#8221;none&#8221; row_border_radius_applies=&#8221;bg&#8221; overflow=&#8221;visible&#8221; enable_gradient=&#8221;true&#8221; color_overlay=&#8221;#d92828&#8243; color_overlay_2=&#8221;#2c3178&#8243; overlay_strength=&#8221;0.8&#8243; gradient_direction=&#8221;top_to_bottom&#8221; enable_shape_divider=&#8221;true&#8221; shape_divider_color=&#8221;#ffffff&#8221; shape_divider_position=&#8221;bottom&#8221;&#8230;<\/p>\n","protected":false},"author":2,"featured_media":0,"parent":0,"menu_order":0,"comment_status":"closed","ping_status":"closed","template":"","meta":{"_relevanssi_hide_post":"","_relevanssi_hide_content":"","_relevanssi_pin_for_all":"","_relevanssi_pin_keywords":"","_relevanssi_unpin_keywords":"","_relevanssi_related_keywords":"","_relevanssi_related_include_ids":"","_relevanssi_related_exclude_ids":"","_relevanssi_related_no_append":"","_relevanssi_related_not_related":"","_relevanssi_related_posts":"","_relevanssi_noindex_reason":"","footnotes":""},"class_list":["post-4981","page","type-page","status-publish"],"_links":{"self":[{"href":"https:\/\/archden.org\/revival\/wp-json\/wp\/v2\/pages\/4981","targetHints":{"allow":["GET"]}}],"collection":[{"href":"https:\/\/archden.org\/revival\/wp-json\/wp\/v2\/pages"}],"about":[{"href":"https:\/\/archden.org\/revival\/wp-json\/wp\/v2\/types\/page"}],"author":[{"embeddable":true,"href":"https:\/\/archden.org\/revival\/wp-json\/wp\/v2\/users\/2"}],"replies":[{"embeddable":true,"href":"https:\/\/archden.org\/revival\/wp-json\/wp\/v2\/comments?post=4981"}],"version-history":[{"count":17,"href":"https:\/\/archden.org\/revival\/wp-json\/wp\/v2\/pages\/4981\/revisions"}],"predecessor-version":[{"id":5354,"href":"https:\/\/archden.org\/revival\/wp-json\/wp\/v2\/pages\/4981\/revisions\/5354"}],"wp:attachment":[{"href":"https:\/\/archden.org\/revival\/wp-json\/wp\/v2\/media?parent=4981"}],"curies":[{"name":"wp","href":"https:\/\/api.w.org\/{rel}","templated":true}]}}